{"id":2891,"date":"2021-06-04T11:19:56","date_gmt":"2021-06-04T11:19:56","guid":{"rendered":"https:\/\/cyberwatch.fr\/contact\/"},"modified":"2026-04-20T11:44:27","modified_gmt":"2026-04-20T11:44:27","slug":"contact","status":"publish","type":"page","link":"https:\/\/cyberwatch.fr\/en\/contact\/","title":{"rendered":"Contact"},"content":{"rendered":"<p>[et_pb_section fb_built=&#8221;1&#8243; custom_padding_last_edited=&#8221;on|phone&#8221; admin_label=&#8221;Page Title Section&#8221; _builder_version=&#8221;4.16&#8243; background_color_gradient_direction=&#8221;120deg&#8221; background_image=&#8221;https:\/\/cyberwatch.fr\/wp-content\/uploads\/2021\/06\/Header_ContactRemerciements.png&#8221; custom_padding=&#8221;40px||2px|||&#8221; custom_padding_tablet=&#8221;&#8221; custom_padding_phone=&#8221;30px||30px||true|false&#8221; box_shadow_style=&#8221;preset7&#8243; box_shadow_horizontal=&#8221;0px&#8221; box_shadow_vertical=&#8221;-220px&#8221; box_shadow_color=&#8221;#ffffff&#8221; global_colors_info=&#8221;{}&#8221;][et_pb_row _builder_version=&#8221;4.16&#8243; _module_preset=&#8221;default&#8221; custom_padding=&#8221;0px||||false|false&#8221; global_colors_info=&#8221;{}&#8221;][et_pb_column type=&#8221;4_4&#8243; _builder_version=&#8221;4.16&#8243; _module_preset=&#8221;default&#8221; global_colors_info=&#8221;{}&#8221;][lwp_divi_breadcrumbs home_text=&#8221;Accueil&#8221; font_icon=&#8221;&#x35;||divi||400&#8243; _builder_version=&#8221;4.16&#8243; _module_preset=&#8221;default&#8221; global_colors_info=&#8221;{}&#8221;][\/lwp_divi_breadcrumbs][\/et_pb_column][\/et_pb_row][et_pb_row admin_label=&#8221;Page Title Area&#8221; _builder_version=&#8221;4.16&#8243; background_size=&#8221;initial&#8221; background_position=&#8221;top_left&#8221; background_repeat=&#8221;repeat&#8221; custom_padding=&#8221;2px||3px|||&#8221; global_colors_info=&#8221;{}&#8221;][et_pb_column type=&#8221;4_4&#8243; _builder_version=&#8221;4.16&#8243; custom_padding=&#8221;|||&#8221; global_colors_info=&#8221;{}&#8221; custom_padding__hover=&#8221;|||&#8221;][et_pb_text admin_label=&#8221;Title&#8221; _builder_version=&#8221;4.16&#8243; text_font=&#8221;Poppins||||||||&#8221; text_font_size=&#8221;16px&#8221; text_line_height=&#8221;1.8em&#8221; header_font=&#8221;Poppins||||||||&#8221; header_line_height=&#8221;1.3em&#8221; header_2_font=&#8221;||||||||&#8221; text_orientation=&#8221;center&#8221; background_layout=&#8221;dark&#8221; max_width=&#8221;700px&#8221; max_width_tablet=&#8221;&#8221; max_width_phone=&#8221;100%&#8221; max_width_last_edited=&#8221;on|phone&#8221; module_alignment=&#8221;center&#8221; custom_margin=&#8221;|||&#8221; header_font_size_tablet=&#8221;&#8221; header_font_size_phone=&#8221;27px&#8221; header_font_size_last_edited=&#8221;on|phone&#8221; global_colors_info=&#8221;{}&#8221;]<\/p>\n<h1>Do you have a question?<br \/>Do you want to schedule a free demo?<\/h1>\n<p>[\/et_pb_text][et_pb_text _builder_version=&#8221;4.16&#8243; _module_preset=&#8221;default&#8221; text_font=&#8221;Poppins|300|||||||&#8221; text_text_color=&#8221;#ffffff&#8221; text_font_size=&#8221;16px&#8221; text_line_height=&#8221;1.8em&#8221; max_width=&#8221;100%&#8221; custom_margin=&#8221;-23px|||||&#8221; global_colors_info=&#8221;{}&#8221;]<\/p>\n<p style=\"text-align: center;\">Contact-us and our experts will get back to you within 24h.<\/p>\n<p>[\/et_pb_text][\/et_pb_column][\/et_pb_row][et_pb_row make_equal=&#8221;on&#8221; admin_label=&#8221;Pricing Area&#8221; _builder_version=&#8221;4.27.6&#8243; background_color=&#8221;#ffffff&#8221; width=&#8221;60%&#8221; width_tablet=&#8221;90%&#8221; width_phone=&#8221;100%&#8221; width_last_edited=&#8221;on|phone&#8221; custom_margin=&#8221;30px||||false|false&#8221; custom_margin_tablet=&#8221;&#8221; custom_margin_phone=&#8221;30px||0px||false|false&#8221; custom_margin_last_edited=&#8221;on|phone&#8221; custom_padding=&#8221;0px|0px|0px|0px|false|false&#8221; animation_direction=&#8221;top&#8221; hover_enabled=&#8221;0&#8243; border_radii=&#8221;on|10px|10px|10px|10px&#8221; border_radii_tablet=&#8221;&#8221; border_radii_phone=&#8221;on|0px|0px|0px|0px&#8221; border_radii_last_edited=&#8221;on|phone&#8221; box_shadow_style=&#8221;preset1&#8243; box_shadow_color=&#8221;rgba(0,0,0,0.07)&#8221; global_colors_info=&#8221;{}&#8221; module_id=&#8221;contacthub&#8221; sticky_enabled=&#8221;0&#8243;][et_pb_column type=&#8221;4_4&#8243; _builder_version=&#8221;4.16&#8243; custom_padding=&#8221;60px|40px|60px|40px&#8221; global_colors_info=&#8221;{}&#8221; custom_padding__hover=&#8221;|||&#8221;][et_pb_contact_form email=&#8221;contact@cyberwatch.fr&#8221; title=&#8221;Your demand&#8221; custom_message=&#8221;Nom et pr\u00e9nom: %%name%%||et_pb_line_break_holder||Email: %%email%%||et_pb_line_break_holder||T\u00e9l\u00e9phone: %%phone%%||et_pb_line_break_holder||Objet: %%subject%%||et_pb_line_break_holder||Message: %%message%%||et_pb_line_break_holder||&#8221; use_redirect=&#8221;on&#8221; redirect_url=&#8221;https:\/\/cyberwatch.fr\/en\/contact-thank-you\/&#8221; success_message=&#8221;Form submitted successfully.&#8221; submit_button_text=&#8221;Send my message&#8221; module_id=&#8221;et_pb_contact_form_0&#8243; _builder_version=&#8221;4.24.0&#8243; _unique_id=&#8221;1b7f857b-4d7c-42f6-8cf6-704b19a72cab&#8221; form_field_background_color=&#8221;rgba(243,242,247,0)&#8221; form_field_custom_margin=&#8221;||||false|false&#8221; form_field_custom_padding=&#8221;||||false|false&#8221; title_level=&#8221;h2&#8243; title_text_align=&#8221;center&#8221; form_field_font=&#8221;||||||||&#8221; form_field_font_size=&#8221;16px&#8221; custom_button=&#8221;on&#8221; button_text_size=&#8221;16px&#8221; button_text_color=&#8221;#ffffff&#8221; button_bg_color=&#8221;#321fdb&#8221; button_border_width=&#8221;0px&#8221; button_border_color=&#8221;#2b9cf2&#8243; button_border_radius=&#8221;10px&#8221; button_letter_spacing=&#8221;1px&#8221; button_font=&#8221;Poppins||||||||&#8221; button_icon=&#8221;&#x24;||divi||400&#8243; button_icon_color=&#8221;#ffffff&#8221; button_on_hover=&#8221;off&#8221; button_custom_padding=&#8221;10px|35px|10px|15px|false|false&#8221; max_width_tablet=&#8221;&#8221; max_width_phone=&#8221;&#8221; max_width_last_edited=&#8221;on|phone&#8221; custom_margin=&#8221;||||false|false&#8221; custom_margin_tablet=&#8221;&#8221; custom_margin_phone=&#8221;-20px||||false|false&#8221; custom_margin_last_edited=&#8221;on|phone&#8221; custom_padding=&#8221;0px||||false|false&#8221; custom_padding_tablet=&#8221;&#8221; custom_padding_phone=&#8221;0px|0px|0px|0px|true|true&#8221; custom_padding_last_edited=&#8221;on|phone&#8221; hover_enabled=&#8221;0&#8243; border_radii=&#8221;on|5px|5px|5px|5px&#8221; border_width_all=&#8221;2px&#8221; border_color_all=&#8221;#D6D6D6&#8243; input_border_radius=&#8221;0px&#8221; form_background_color=&#8221;rgba(243,242,247,0)&#8221; global_colors_info=&#8221;{}&#8221; sticky_enabled=&#8221;0&#8243; disabled_on=&#8221;on|on|on&#8221; disabled=&#8221;on&#8221;][et_pb_contact_field field_id=&#8221;name&#8221; field_title=&#8221;Full Name*&#8221; fullwidth_field=&#8221;on&#8221; _builder_version=&#8221;4.16&#8243; form_field_font=&#8221;||||||||&#8221; use_border_color=&#8221;on&#8221; border_color=&#8221;#dddddd&#8221; border_width=&#8221;2px&#8221; input_border_radius=&#8221;100px&#8221; global_colors_info=&#8221;{}&#8221; button_text_size__hover_enabled=&#8221;off&#8221; button_one_text_size__hover_enabled=&#8221;off&#8221; button_two_text_size__hover_enabled=&#8221;off&#8221; button_text_color__hover_enabled=&#8221;off&#8221; button_one_text_color__hover_enabled=&#8221;off&#8221; button_two_text_color__hover_enabled=&#8221;off&#8221; button_border_width__hover_enabled=&#8221;off&#8221; button_one_border_width__hover_enabled=&#8221;off&#8221; button_two_border_width__hover_enabled=&#8221;off&#8221; button_border_color__hover_enabled=&#8221;off&#8221; button_one_border_color__hover_enabled=&#8221;off&#8221; button_two_border_color__hover_enabled=&#8221;off&#8221; button_border_radius__hover_enabled=&#8221;off&#8221; button_one_border_radius__hover_enabled=&#8221;off&#8221; button_two_border_radius__hover_enabled=&#8221;off&#8221; button_letter_spacing__hover_enabled=&#8221;off&#8221; button_one_letter_spacing__hover_enabled=&#8221;off&#8221; button_two_letter_spacing__hover_enabled=&#8221;off&#8221; button_bg_color__hover_enabled=&#8221;off&#8221; button_one_bg_color__hover_enabled=&#8221;off&#8221; button_two_bg_color__hover_enabled=&#8221;off&#8221;][\/et_pb_contact_field][et_pb_contact_field field_id=&#8221;email&#8221; field_title=&#8221;Email*&#8221; field_type=&#8221;email&#8221; _builder_version=&#8221;4.16&#8243; form_field_font=&#8221;||||||||&#8221; use_border_color=&#8221;on&#8221; border_color=&#8221;#dddddd&#8221; border_width=&#8221;2px&#8221; input_border_radius=&#8221;100px&#8221; global_colors_info=&#8221;{}&#8221; button_text_size__hover_enabled=&#8221;off&#8221; button_one_text_size__hover_enabled=&#8221;off&#8221; button_two_text_size__hover_enabled=&#8221;off&#8221; button_text_color__hover_enabled=&#8221;off&#8221; button_one_text_color__hover_enabled=&#8221;off&#8221; button_two_text_color__hover_enabled=&#8221;off&#8221; button_border_width__hover_enabled=&#8221;off&#8221; button_one_border_width__hover_enabled=&#8221;off&#8221; button_two_border_width__hover_enabled=&#8221;off&#8221; button_border_color__hover_enabled=&#8221;off&#8221; button_one_border_color__hover_enabled=&#8221;off&#8221; button_two_border_color__hover_enabled=&#8221;off&#8221; button_border_radius__hover_enabled=&#8221;off&#8221; button_one_border_radius__hover_enabled=&#8221;off&#8221; button_two_border_radius__hover_enabled=&#8221;off&#8221; button_letter_spacing__hover_enabled=&#8221;off&#8221; button_one_letter_spacing__hover_enabled=&#8221;off&#8221; button_two_letter_spacing__hover_enabled=&#8221;off&#8221; button_bg_color__hover_enabled=&#8221;off&#8221; button_one_bg_color__hover_enabled=&#8221;off&#8221; button_two_bg_color__hover_enabled=&#8221;off&#8221;][\/et_pb_contact_field][et_pb_contact_field field_id=&#8221;phone&#8221; field_title=&#8221;Phone number&#8221; required_mark=&#8221;off&#8221; _builder_version=&#8221;4.16&#8243; form_field_font=&#8221;||||||||&#8221; use_border_color=&#8221;on&#8221; border_color=&#8221;#dddddd&#8221; border_width=&#8221;2px&#8221; input_border_radius=&#8221;100px&#8221; global_colors_info=&#8221;{}&#8221; button_text_size__hover_enabled=&#8221;off&#8221; button_one_text_size__hover_enabled=&#8221;off&#8221; button_two_text_size__hover_enabled=&#8221;off&#8221; button_text_color__hover_enabled=&#8221;off&#8221; button_one_text_color__hover_enabled=&#8221;off&#8221; button_two_text_color__hover_enabled=&#8221;off&#8221; button_border_width__hover_enabled=&#8221;off&#8221; button_one_border_width__hover_enabled=&#8221;off&#8221; button_two_border_width__hover_enabled=&#8221;off&#8221; button_border_color__hover_enabled=&#8221;off&#8221; button_one_border_color__hover_enabled=&#8221;off&#8221; button_two_border_color__hover_enabled=&#8221;off&#8221; button_border_radius__hover_enabled=&#8221;off&#8221; button_one_border_radius__hover_enabled=&#8221;off&#8221; button_two_border_radius__hover_enabled=&#8221;off&#8221; button_letter_spacing__hover_enabled=&#8221;off&#8221; button_one_letter_spacing__hover_enabled=&#8221;off&#8221; button_two_letter_spacing__hover_enabled=&#8221;off&#8221; button_bg_color__hover_enabled=&#8221;off&#8221; button_one_bg_color__hover_enabled=&#8221;off&#8221; button_two_bg_color__hover_enabled=&#8221;off&#8221;][\/et_pb_contact_field][et_pb_contact_field field_id=&#8221;subject&#8221; field_title=&#8221;Subject of your demand*&#8221; field_type=&#8221;select&#8221; select_options=&#8221;%91{%22value%22:%22I want a demo of the platform%22,%22checked%22:0,%22dragID%22:-1},{%22value%22:%22I would like a quote%22,%22checked%22:0,%22dragID%22:0},{%22value%22:%22I want an access to the Encyclopedia%22,%22checked%22:0,%22dragID%22:1},{%22value%22:%22I want information on the Partner Program%22,%22checked%22:0,%22dragID%22:2},{%22value%22:%22I wish to be contacted by Cyberwatch%22,%22checked%22:0,%22dragID%22:3},{%22value%22:%22Other%22,%22checked%22:0,%22dragID%22:4}%93&#8243; fullwidth_field=&#8221;on&#8221; _builder_version=&#8221;4.16&#8243; form_field_font=&#8221;||||||||&#8221; custom_padding=&#8221;|||&#8221; border_radii=&#8221;on|5px|5px|5px|5px&#8221; use_border_color=&#8221;on&#8221; border_color=&#8221;#dddddd&#8221; border_width=&#8221;2px&#8221; input_border_radius=&#8221;100px&#8221; global_colors_info=&#8221;{}&#8221; button_text_size__hover_enabled=&#8221;off&#8221; button_one_text_size__hover_enabled=&#8221;off&#8221; button_two_text_size__hover_enabled=&#8221;off&#8221; button_text_color__hover_enabled=&#8221;off&#8221; button_one_text_color__hover_enabled=&#8221;off&#8221; button_two_text_color__hover_enabled=&#8221;off&#8221; button_border_width__hover_enabled=&#8221;off&#8221; button_one_border_width__hover_enabled=&#8221;off&#8221; button_two_border_width__hover_enabled=&#8221;off&#8221; button_border_color__hover_enabled=&#8221;off&#8221; button_one_border_color__hover_enabled=&#8221;off&#8221; button_two_border_color__hover_enabled=&#8221;off&#8221; button_border_radius__hover_enabled=&#8221;off&#8221; button_one_border_radius__hover_enabled=&#8221;off&#8221; button_two_border_radius__hover_enabled=&#8221;off&#8221; button_letter_spacing__hover_enabled=&#8221;off&#8221; button_one_letter_spacing__hover_enabled=&#8221;off&#8221; button_two_letter_spacing__hover_enabled=&#8221;off&#8221; button_bg_color__hover_enabled=&#8221;off&#8221; button_one_bg_color__hover_enabled=&#8221;off&#8221; button_two_bg_color__hover_enabled=&#8221;off&#8221;][\/et_pb_contact_field][et_pb_contact_field field_id=&#8221;message&#8221; field_title=&#8221;Message&#8221; field_type=&#8221;text&#8221; required_mark=&#8221;off&#8221; fullwidth_field=&#8221;on&#8221; _builder_version=&#8221;4.16&#8243; form_field_font=&#8221;||||||||&#8221; use_border_color=&#8221;on&#8221; border_color=&#8221;#dddddd&#8221; border_width=&#8221;2px&#8221; input_border_radius=&#8221;17px&#8221; global_colors_info=&#8221;{}&#8221; button_text_size__hover_enabled=&#8221;off&#8221; button_one_text_size__hover_enabled=&#8221;off&#8221; button_two_text_size__hover_enabled=&#8221;off&#8221; button_text_color__hover_enabled=&#8221;off&#8221; button_one_text_color__hover_enabled=&#8221;off&#8221; button_two_text_color__hover_enabled=&#8221;off&#8221; button_border_width__hover_enabled=&#8221;off&#8221; button_one_border_width__hover_enabled=&#8221;off&#8221; button_two_border_width__hover_enabled=&#8221;off&#8221; button_border_color__hover_enabled=&#8221;off&#8221; button_one_border_color__hover_enabled=&#8221;off&#8221; button_two_border_color__hover_enabled=&#8221;off&#8221; button_border_radius__hover_enabled=&#8221;off&#8221; button_one_border_radius__hover_enabled=&#8221;off&#8221; button_two_border_radius__hover_enabled=&#8221;off&#8221; button_letter_spacing__hover_enabled=&#8221;off&#8221; button_one_letter_spacing__hover_enabled=&#8221;off&#8221; button_two_letter_spacing__hover_enabled=&#8221;off&#8221; button_bg_color__hover_enabled=&#8221;off&#8221; button_one_bg_color__hover_enabled=&#8221;off&#8221; button_two_bg_color__hover_enabled=&#8221;off&#8221;][\/et_pb_contact_field][\/et_pb_contact_form][et_pb_code _builder_version=&#8221;4.27.6&#8243; _module_preset=&#8221;default&#8221; hover_enabled=&#8221;0&#8243; sticky_enabled=&#8221;0&#8243;]<script src=\"https:\/\/js-eu1.hsforms.net\/forms\/embed\/146882385.js\" defer><\/script><!-- [et_pb_line_break_holder] --><\/p>\n<div class=\"hs-form-frame\" data-region=\"eu1\" data-form-id=\"1d31ef19-0f49-4e35-a636-da2fe5db48dc\" data-portal-id=\"146882385\"><\/div>\n<p>[\/et_pb_code][\/et_pb_column][\/et_pb_row][\/et_pb_section][et_pb_section fb_built=&#8221;1&#8243; custom_padding_last_edited=&#8221;on|phone&#8221; disabled_on=&#8221;on|off|off&#8221; admin_label=&#8221;Footer Section&#8221; _builder_version=&#8221;4.16&#8243; custom_padding=&#8221;0px||0px||true|&#8221; custom_padding_tablet=&#8221;&#8221; custom_padding_phone=&#8221;10px||30px||false|false&#8221; global_colors_info=&#8221;{}&#8221;][\/et_pb_section]<\/p>\n","protected":false},"excerpt":{"rendered":"<p><div class=\"et_pb_module lwp_divi_breadcrumbs lwp_divi_breadcrumbs_0\">\n\t\t\t\t\n\t\t\t\t\n\t\t\t\t\n\t\t\t\t\n\t\t\t\t\n\t\t\t\t\n\t\t\t\t<div class=\"et_pb_module_inner\">\n\t\t\t\t\t<div class=\"lwp-breadcrumbs\"> <span class=\"before\"><\/span> <span vocab=\"https:\/\/schema.org\/\" typeof=\"BreadcrumbList\"><span property=\"itemListElement\" typeof=\"ListItem\"><a property=\"item\" typeof=\"WebPage\" href=\"https:\/\/cyberwatch.fr\/en\/\" class=\"home\"><span property=\"name\">Accueil<\/span><\/a><meta property=\"position\" content=\"1\"><\/span> <span class=\"separator et-pb-icon\">5<\/span> <\/span><\/div>\n\t\t\t\t<\/div>\n\t\t\t<\/div>Do you have a question?Do you want to schedule a free demo?Contact-us and our experts will get back to you within 24h.<\/p>\n","protected":false},"author":1,"featured_media":6897,"parent":0,"menu_order":0,"comment_status":"closed","ping_status":"closed","template":"","meta":{"_et_pb_use_builder":"on","_et_pb_old_content":"","_et_gb_content_width":"","footnotes":""},"class_list":["post-2891","page","type-page","status-publish","has-post-thumbnail","hentry"],"yoast_head":"<!-- This site is optimized with the Yoast SEO plugin v27.4 - https:\/\/yoast.com\/product\/yoast-seo-wordpress\/ -->\n<title>Get a free demo of Cyberwatch - Cyberwatch<\/title>\n<meta name=\"description\" content=\"Would you like a demo of our platform? Contact-us and our experts will get back to you within 24h - Cyberwatch\" \/>\n<meta name=\"robots\" content=\"index, follow, max-snippet:-1, max-image-preview:large, max-video-preview:-1\" \/>\n<link rel=\"canonical\" href=\"https:\/\/cyberwatch.fr\/en\/contact\/\" \/>\n<meta property=\"og:locale\" content=\"en_US\" \/>\n<meta property=\"og:type\" content=\"article\" \/>\n<meta property=\"og:title\" content=\"Get a free demo of our platform - Cyberwatch\" \/>\n<meta property=\"og:description\" content=\"Would you like a demo of our platform? Contact-us and our experts will get back to you within 24h - Cyberwatch\" \/>\n<meta property=\"og:url\" content=\"https:\/\/cyberwatch.fr\/en\/contact\/\" \/>\n<meta property=\"og:site_name\" content=\"Cyberwatch\" \/>\n<meta property=\"article:modified_time\" content=\"2026-04-20T11:44:27+00:00\" \/>\n<meta property=\"og:image\" content=\"https:\/\/cyberwatch.fr\/wp-content\/uploads\/2021\/06\/metas-site.png\" \/>\n<meta name=\"twitter:card\" content=\"summary_large_image\" \/>\n<meta name=\"twitter:title\" content=\"Get a free demo of our platform - Cyberwatch\" \/>\n<meta name=\"twitter:description\" content=\"Would you like a demo of our platform? Contact-us and our experts will get back to you within 24h - Cyberwatch\" \/>\n<meta name=\"twitter:image\" content=\"https:\/\/cyberwatch.fr\/wp-content\/uploads\/2021\/06\/metas-site.png\" \/>\n<meta name=\"twitter:label1\" content=\"Est. reading time\" \/>\n\t<meta name=\"twitter:data1\" content=\"9 minutes\" \/>\n<script type=\"application\/ld+json\" class=\"yoast-schema-graph\">{\"@context\":\"https:\\\/\\\/schema.org\",\"@graph\":[{\"@type\":\"WebPage\",\"@id\":\"https:\\\/\\\/cyberwatch.fr\\\/en\\\/contact\\\/\",\"url\":\"https:\\\/\\\/cyberwatch.fr\\\/en\\\/contact\\\/\",\"name\":\"Get a free demo of Cyberwatch - Cyberwatch\",\"isPartOf\":{\"@id\":\"https:\\\/\\\/cyberwatch.fr\\\/en\\\/#website\"},\"primaryImageOfPage\":{\"@id\":\"https:\\\/\\\/cyberwatch.fr\\\/en\\\/contact\\\/#primaryimage\"},\"image\":{\"@id\":\"https:\\\/\\\/cyberwatch.fr\\\/en\\\/contact\\\/#primaryimage\"},\"thumbnailUrl\":\"https:\\\/\\\/cyberwatch.fr\\\/wp-content\\\/uploads\\\/2023\\\/04\\\/meta-cyberwatch.png\",\"datePublished\":\"2021-06-04T11:19:56+00:00\",\"dateModified\":\"2026-04-20T11:44:27+00:00\",\"description\":\"Would you like a demo of our platform? Contact-us and our experts will get back to you within 24h - Cyberwatch\",\"breadcrumb\":{\"@id\":\"https:\\\/\\\/cyberwatch.fr\\\/en\\\/contact\\\/#breadcrumb\"},\"inLanguage\":\"en-US\",\"potentialAction\":[{\"@type\":\"ReadAction\",\"target\":[\"https:\\\/\\\/cyberwatch.fr\\\/en\\\/contact\\\/\"]}]},{\"@type\":\"ImageObject\",\"inLanguage\":\"en-US\",\"@id\":\"https:\\\/\\\/cyberwatch.fr\\\/en\\\/contact\\\/#primaryimage\",\"url\":\"https:\\\/\\\/cyberwatch.fr\\\/wp-content\\\/uploads\\\/2023\\\/04\\\/meta-cyberwatch.png\",\"contentUrl\":\"https:\\\/\\\/cyberwatch.fr\\\/wp-content\\\/uploads\\\/2023\\\/04\\\/meta-cyberwatch.png\",\"width\":1200,\"height\":628,\"caption\":\"Logo cyberwatch\"},{\"@type\":\"BreadcrumbList\",\"@id\":\"https:\\\/\\\/cyberwatch.fr\\\/en\\\/contact\\\/#breadcrumb\",\"itemListElement\":[{\"@type\":\"ListItem\",\"position\":1,\"name\":\"Home\",\"item\":\"https:\\\/\\\/cyberwatch.fr\\\/en\\\/\"},{\"@type\":\"ListItem\",\"position\":2,\"name\":\"Contact\"}]},{\"@type\":\"WebSite\",\"@id\":\"https:\\\/\\\/cyberwatch.fr\\\/en\\\/#website\",\"url\":\"https:\\\/\\\/cyberwatch.fr\\\/en\\\/\",\"name\":\"Cyberwatch\",\"description\":\"Supervisez vos vuln\u00e9rabilit\u00e9s. Contr\u00f4lez vos conformit\u00e9s.\",\"publisher\":{\"@id\":\"https:\\\/\\\/cyberwatch.fr\\\/en\\\/#organization\"},\"potentialAction\":[{\"@type\":\"SearchAction\",\"target\":{\"@type\":\"EntryPoint\",\"urlTemplate\":\"https:\\\/\\\/cyberwatch.fr\\\/en\\\/?s={search_term_string}\"},\"query-input\":{\"@type\":\"PropertyValueSpecification\",\"valueRequired\":true,\"valueName\":\"search_term_string\"}}],\"inLanguage\":\"en-US\"},{\"@type\":\"Organization\",\"@id\":\"https:\\\/\\\/cyberwatch.fr\\\/en\\\/#organization\",\"name\":\"Cyberwatch\",\"url\":\"https:\\\/\\\/cyberwatch.fr\\\/en\\\/\",\"logo\":{\"@type\":\"ImageObject\",\"inLanguage\":\"en-US\",\"@id\":\"https:\\\/\\\/cyberwatch.fr\\\/en\\\/#\\\/schema\\\/logo\\\/image\\\/\",\"url\":\"https:\\\/\\\/cyberwatch.fr\\\/wp-content\\\/uploads\\\/2021\\\/04\\\/logo_simple_black.png\",\"contentUrl\":\"https:\\\/\\\/cyberwatch.fr\\\/wp-content\\\/uploads\\\/2021\\\/04\\\/logo_simple_black.png\",\"width\":1883,\"height\":500,\"caption\":\"Cyberwatch\"},\"image\":{\"@id\":\"https:\\\/\\\/cyberwatch.fr\\\/en\\\/#\\\/schema\\\/logo\\\/image\\\/\"}}]}<\/script>\n<!-- \/ Yoast SEO plugin. -->","yoast_head_json":{"title":"Get a free demo of Cyberwatch - Cyberwatch","description":"Would you like a demo of our platform? Contact-us and our experts will get back to you within 24h - Cyberwatch","robots":{"index":"index","follow":"follow","max-snippet":"max-snippet:-1","max-image-preview":"max-image-preview:large","max-video-preview":"max-video-preview:-1"},"canonical":"https:\/\/cyberwatch.fr\/en\/contact\/","og_locale":"en_US","og_type":"article","og_title":"Get a free demo of our platform - Cyberwatch","og_description":"Would you like a demo of our platform? Contact-us and our experts will get back to you within 24h - Cyberwatch","og_url":"https:\/\/cyberwatch.fr\/en\/contact\/","og_site_name":"Cyberwatch","article_modified_time":"2026-04-20T11:44:27+00:00","og_image":[{"url":"https:\/\/cyberwatch.fr\/wp-content\/uploads\/2021\/06\/metas-site.png","type":"","width":"","height":""}],"twitter_card":"summary_large_image","twitter_title":"Get a free demo of our platform - Cyberwatch","twitter_description":"Would you like a demo of our platform? Contact-us and our experts will get back to you within 24h - Cyberwatch","twitter_image":"https:\/\/cyberwatch.fr\/wp-content\/uploads\/2021\/06\/metas-site.png","twitter_misc":{"Est. reading time":"9 minutes"},"schema":{"@context":"https:\/\/schema.org","@graph":[{"@type":"WebPage","@id":"https:\/\/cyberwatch.fr\/en\/contact\/","url":"https:\/\/cyberwatch.fr\/en\/contact\/","name":"Get a free demo of Cyberwatch - Cyberwatch","isPartOf":{"@id":"https:\/\/cyberwatch.fr\/en\/#website"},"primaryImageOfPage":{"@id":"https:\/\/cyberwatch.fr\/en\/contact\/#primaryimage"},"image":{"@id":"https:\/\/cyberwatch.fr\/en\/contact\/#primaryimage"},"thumbnailUrl":"https:\/\/cyberwatch.fr\/wp-content\/uploads\/2023\/04\/meta-cyberwatch.png","datePublished":"2021-06-04T11:19:56+00:00","dateModified":"2026-04-20T11:44:27+00:00","description":"Would you like a demo of our platform? Contact-us and our experts will get back to you within 24h - Cyberwatch","breadcrumb":{"@id":"https:\/\/cyberwatch.fr\/en\/contact\/#breadcrumb"},"inLanguage":"en-US","potentialAction":[{"@type":"ReadAction","target":["https:\/\/cyberwatch.fr\/en\/contact\/"]}]},{"@type":"ImageObject","inLanguage":"en-US","@id":"https:\/\/cyberwatch.fr\/en\/contact\/#primaryimage","url":"https:\/\/cyberwatch.fr\/wp-content\/uploads\/2023\/04\/meta-cyberwatch.png","contentUrl":"https:\/\/cyberwatch.fr\/wp-content\/uploads\/2023\/04\/meta-cyberwatch.png","width":1200,"height":628,"caption":"Logo cyberwatch"},{"@type":"BreadcrumbList","@id":"https:\/\/cyberwatch.fr\/en\/contact\/#breadcrumb","itemListElement":[{"@type":"ListItem","position":1,"name":"Home","item":"https:\/\/cyberwatch.fr\/en\/"},{"@type":"ListItem","position":2,"name":"Contact"}]},{"@type":"WebSite","@id":"https:\/\/cyberwatch.fr\/en\/#website","url":"https:\/\/cyberwatch.fr\/en\/","name":"Cyberwatch","description":"Supervisez vos vuln\u00e9rabilit\u00e9s. Contr\u00f4lez vos conformit\u00e9s.","publisher":{"@id":"https:\/\/cyberwatch.fr\/en\/#organization"},"potentialAction":[{"@type":"SearchAction","target":{"@type":"EntryPoint","urlTemplate":"https:\/\/cyberwatch.fr\/en\/?s={search_term_string}"},"query-input":{"@type":"PropertyValueSpecification","valueRequired":true,"valueName":"search_term_string"}}],"inLanguage":"en-US"},{"@type":"Organization","@id":"https:\/\/cyberwatch.fr\/en\/#organization","name":"Cyberwatch","url":"https:\/\/cyberwatch.fr\/en\/","logo":{"@type":"ImageObject","inLanguage":"en-US","@id":"https:\/\/cyberwatch.fr\/en\/#\/schema\/logo\/image\/","url":"https:\/\/cyberwatch.fr\/wp-content\/uploads\/2021\/04\/logo_simple_black.png","contentUrl":"https:\/\/cyberwatch.fr\/wp-content\/uploads\/2021\/04\/logo_simple_black.png","width":1883,"height":500,"caption":"Cyberwatch"},"image":{"@id":"https:\/\/cyberwatch.fr\/en\/#\/schema\/logo\/image\/"}}]}},"_links":{"self":[{"href":"https:\/\/cyberwatch.fr\/en\/wp-json\/wp\/v2\/pages\/2891","targetHints":{"allow":["GET"]}}],"collection":[{"href":"https:\/\/cyberwatch.fr\/en\/wp-json\/wp\/v2\/pages"}],"about":[{"href":"https:\/\/cyberwatch.fr\/en\/wp-json\/wp\/v2\/types\/page"}],"author":[{"embeddable":true,"href":"https:\/\/cyberwatch.fr\/en\/wp-json\/wp\/v2\/users\/1"}],"replies":[{"embeddable":true,"href":"https:\/\/cyberwatch.fr\/en\/wp-json\/wp\/v2\/comments?post=2891"}],"version-history":[{"count":56,"href":"https:\/\/cyberwatch.fr\/en\/wp-json\/wp\/v2\/pages\/2891\/revisions"}],"predecessor-version":[{"id":10139,"href":"https:\/\/cyberwatch.fr\/en\/wp-json\/wp\/v2\/pages\/2891\/revisions\/10139"}],"wp:featuredmedia":[{"embeddable":true,"href":"https:\/\/cyberwatch.fr\/en\/wp-json\/wp\/v2\/media\/6897"}],"wp:attachment":[{"href":"https:\/\/cyberwatch.fr\/en\/wp-json\/wp\/v2\/media?parent=2891"}],"curies":[{"name":"wp","href":"https:\/\/api.w.org\/{rel}","templated":true}]}}