{"id":8095,"date":"2025-02-05T09:26:42","date_gmt":"2025-02-05T09:26:42","guid":{"rendered":"https:\/\/cyberwatch.fr\/contacto\/"},"modified":"2025-02-07T10:41:58","modified_gmt":"2025-02-07T10:41:58","slug":"contacto","status":"publish","type":"page","link":"https:\/\/cyberwatch.fr\/es\/contacto\/","title":{"rendered":"Contacto"},"content":{"rendered":"<p>[et_pb_section fb_built=\u00bb1&#8243; custom_padding_last_edited=\u00bbon|phone\u00bb admin_label=\u00bbPage Title Section\u00bb _builder_version=\u00bb4.16&#8243; background_color_gradient_direction=\u00bb120deg\u00bb background_image=\u00bbhttps:\/\/cyberwatch.fr\/wp-content\/uploads\/2021\/06\/Header_ContactRemerciements.png\u00bb custom_padding=\u00bb40px||2px|||\u00bb custom_padding_tablet=\u00bb\u00bb custom_padding_phone=\u00bb30px||30px||true|false\u00bb box_shadow_style=\u00bbpreset7&#8243; box_shadow_horizontal=\u00bb0px\u00bb box_shadow_vertical=\u00bb-220px\u00bb box_shadow_color=\u00bb#ffffff\u00bb global_colors_info=\u00bb{}\u00bb][et_pb_row _builder_version=\u00bb4.9.4&#8243; _module_preset=\u00bbdefault\u00bb custom_padding=\u00bb0px||||false|false\u00bb global_module=\u00bb2861&#8243; global_colors_info=\u00bb{}\u00bb][et_pb_column type=\u00bb4_4&#8243; _builder_version=\u00bb4.16&#8243; _module_preset=\u00bbdefault\u00bb global_colors_info=\u00bb{}\u00bb][lwp_divi_breadcrumbs home_text=\u00bbAccueil\u00bb font_icon=\u00bb5||divi||400&#8243; _builder_version=\u00bb4.16&#8243; _module_preset=\u00bbdefault\u00bb global_colors_info=\u00bb{}\u00bb][\/lwp_divi_breadcrumbs][\/et_pb_column][\/et_pb_row][et_pb_row admin_label=\u00bb\u00c1rea de t\u00edtulo de la p\u00e1gina\u00bb _builder_version=\u00bb4.16&#8243; background_size=\u00bbinitial\u00bb background_position=\u00bbtop_left\u00bb background_repeat=\u00bbrepeat\u00bb custom_padding=\u00bb2px||3px|||\u00bb global_colors_info=\u00bb{}\u00bb][et_pb_column type=\u00bb4_4&#8243; _builder_version=\u00bb4.16&#8243; custom_padding=\u00bb|||\u00bb global_colors_info=\u00bb{}\u00bb custom_padding__hover=\u00bb|||\u00bb][et_pb_text admin_label=\u00bbTitle\u00bb _builder_version=\u00bb4.16&#8243; text_font=\u00bbPoppins||||||||\u00bb text_font_size=\u00bb16px\u00bb text_line_height=\u00bb1.8em\u00bb header_font=\u00bbPoppins||||||||\u00bb header_line_height=\u00bb1.3em\u00bb header_2_font=\u00bb||||||||\u00bb text_orientation=\u00bbcenter\u00bb background_layout=\u00bbdark\u00bb max_width=\u00bb700px\u00bb max_width_tablet=\u00bb\u00bb max_width_phone=\u00bb100%\u00bb max_width_last_edited=\u00bbon|phone\u00bb module_alignment=\u00bbcenter\u00bb custom_margin=\u00bb|||\u00bb header_font_size_tablet=\u00bb\u00bb header_font_size_phone=\u00bb27px\u00bb header_font_size_last_edited=\u00bbon|phone\u00bb global_colors_info=\u00bb{}\u00bb]<\/p>\n<h1>\u00bfTienes alguna pregunta?<br \/>\u00bfQuieres una demostraci\u00f3n?<\/h1>\n<p>[\/et_pb_text][et_pb_text _builder_version=\u00bb4.16&#8243; _module_preset=\u00bbdefault\u00bb text_font=\u00bbPoppins|300|||||||\u00bb text_text_color=\u00bb#ffffff\u00bb text_font_size=\u00bb16px\u00bb text_line_height=\u00bb1.8em\u00bb max_width=\u00bb100%\u00bb custom_margin=\u00bb-23px|||||\u00bb global_colors_info=\u00bb{}\u00bb]<\/p>\n<p style=\"text-align: center;\">Cont\u00e1cta con nuestros expertos y te reponder\u00e1n en las pr\u00f3ximas 24 horas.<\/p>\n<p>[\/et_pb_text][\/et_pb_column][\/et_pb_row][et_pb_row make_equal=\u00bbon\u00bb admin_label=\u00bb\u00c1rea de precios\u00bb _builder_version=\u00bb4.16&#8243; background_color=\u00bb#ffffff\u00bb width=\u00bb60%\u00bb width_tablet=\u00bb90%\u00bb width_phone=\u00bb100%\u00bb width_last_edited=\u00bbon|phone\u00bb custom_margin=\u00bb30px||||false|false\u00bb custom_margin_tablet=\u00bb\u00bb custom_margin_phone=\u00bb30px||0px||false|false\u00bb custom_margin_last_edited=\u00bbon|phone\u00bb custom_padding=\u00bb0px|0px|0px|0px|false|false\u00bb animation_direction=\u00bbtop\u00bb border_radii=\u00bbon|10px|10px|10px|10px\u00bb border_radii_tablet=\u00bb\u00bb border_radii_phone=\u00bbon|0px|0px|0px|0px\u00bb border_radii_last_edited=\u00bbon|phone\u00bb box_shadow_style=\u00bbpreset1&#8243; box_shadow_color=\u00bbrgba(0,0,0,0.07)\u00bb global_colors_info=\u00bb{}\u00bb][et_pb_column type=\u00bb4_4&#8243; _builder_version=\u00bb4.16&#8243; custom_padding=\u00bb60px|40px|60px|40px\u00bb global_colors_info=\u00bb{}\u00bb custom_padding__hover=\u00bb|||\u00bb][et_pb_contact_form email=\u00bbcontacto@cyberwatch.fr\u00bb title=\u00bbSu solicitud\u00bb custom_message=\u00bbNombre: %%name%% ||et_pb_line_break_holder||Correo electr\u00f3nico: %%email%% ||et_pb_line_break_holder||Tel\u00e9fono: %%phone%% ||et_pb_line_break_holder||Asunto: %%subject%% ||et_pb_line_break_holder||Mensaje: %%message%% ||et_pb_line_break_holder||\u00bb use_redirect=\u00bbon\u00bb redirect_url=\u00bbhttps:\/\/cyberwatch.fr\/es\/contacto-agradecimientos\/\u00bb success_message=\u00bbFormulario enviado exitosamente.\u00bb submit_button_text=\u00bbEnv\u00eda mi solicitud\u00bb module_id=\u00bbet_pb_contact_form_0&#8243; _builder_version=\u00bb4.24.0&#8243; _unique_id=\u00bb1b7f857b-4d7c-42f6-8cf6-704b19a72cab\u00bb form_field_background_color=\u00bbrgba(243,242,247,0)\u00bb form_field_custom_margin=\u00bb||||false|false\u00bb form_field_custom_padding=\u00bb||||false|false\u00bb title_level=\u00bbh2&#8243; title_text_align=\u00bbcenter\u00bb form_field_font=\u00bb||||||||\u00bb form_field_font_size=\u00bb16px\u00bb custom_button=\u00bbon\u00bb button_text_size=\u00bb16px\u00bb button_text_color=\u00bb#ffffff\u00bb button_bg_color=\u00bb#321fdb\u00bb button_border_width=\u00bb0px\u00bb button_border_color=\u00bb#2b9cf2&#8243; button_border_radius=\u00bb10px\u00bb button_letter_spacing=\u00bb1px\u00bb button_font=\u00bbPoppins||||||||\u00bb button_icon=\u00bb&#x24;||divi||400&#8243; button_icon_color=\u00bb#ffffff\u00bb button_on_hover=\u00bboff\u00bb button_custom_padding=\u00bb10px|35px|10px|15px|false|false\u00bb max_width_tablet=\u00bb\u00bb max_width_phone=\u00bb\u00bb max_width_last_edited=\u00bbon|phone\u00bb custom_margin=\u00bb||||false|false\u00bb custom_margin_tablet=\u00bb\u00bb custom_margin_phone=\u00bb-20px||||false|false\u00bb custom_margin_last_edited=\u00bbon|phone\u00bb custom_padding=\u00bb0px||||false|false\u00bb custom_padding_tablet=\u00bb\u00bb custom_padding_phone=\u00bb0px|0px|0px|0px|true|true\u00bb custom_padding_last_edited=\u00bbon|phone\u00bb hover_enabled=\u00bb0&#8243; border_radii=\u00bbon|5px|5px|5px|5px\u00bb border_width_all=\u00bb2px\u00bb border_color_all=\u00bb#D6D6D6&#8243; input_border_radius=\u00bb0px\u00bb form_background_color=\u00bbrgba(243,242,247,0)\u00bb global_colors_info=\u00bb{}\u00bb sticky_enabled=\u00bb0&#8243;][et_pb_contact_field field_id=\u00bbname\u00bb field_title=\u00bbNombre y apellido*\u00bb fullwidth_field=\u00bbon\u00bb _builder_version=\u00bb4.16&#8243; form_field_font=\u00bb||||||||\u00bb use_border_color=\u00bbon\u00bb border_color=\u00bb#dddddd\u00bb border_width=\u00bb2px\u00bb input_border_radius=\u00bb100px\u00bb global_colors_info=\u00bb{}\u00bb button_text_size__hover_enabled=\u00bboff\u00bb button_one_text_size__hover_enabled=\u00bboff\u00bb button_two_text_size__hover_enabled=\u00bboff\u00bb button_text_color__hover_enabled=\u00bboff\u00bb button_one_text_color__hover_enabled=\u00bboff\u00bb button_two_text_color__hover_enabled=\u00bboff\u00bb button_border_width__hover_enabled=\u00bboff\u00bb button_one_border_width__hover_enabled=\u00bboff\u00bb button_two_border_width__hover_enabled=\u00bboff\u00bb button_border_color__hover_enabled=\u00bboff\u00bb button_one_border_color__hover_enabled=\u00bboff\u00bb button_two_border_color__hover_enabled=\u00bboff\u00bb button_border_radius__hover_enabled=\u00bboff\u00bb button_one_border_radius__hover_enabled=\u00bboff\u00bb button_two_border_radius__hover_enabled=\u00bboff\u00bb button_letter_spacing__hover_enabled=\u00bboff\u00bb button_one_letter_spacing__hover_enabled=\u00bboff\u00bb button_two_letter_spacing__hover_enabled=\u00bboff\u00bb button_bg_color__hover_enabled=\u00bboff\u00bb button_one_bg_color__hover_enabled=\u00bboff\u00bb button_two_bg_color__hover_enabled=\u00bboff\u00bb][\/et_pb_contact_field][et_pb_contact_field field_id=\u00bbemail\u00bb field_title=\u00bbCorreo electr\u00f3nico*\u00bb field_type=\u00bbemail\u00bb _builder_version=\u00bb4.16&#8243; form_field_font=\u00bb||||||||\u00bb use_border_color=\u00bbon\u00bb border_color=\u00bb#dddddd\u00bb border_width=\u00bb2px\u00bb input_border_radius=\u00bb100px\u00bb global_colors_info=\u00bb{}\u00bb button_text_size__hover_enabled=\u00bboff\u00bb button_one_text_size__hover_enabled=\u00bboff\u00bb button_two_text_size__hover_enabled=\u00bboff\u00bb button_text_color__hover_enabled=\u00bboff\u00bb button_one_text_color__hover_enabled=\u00bboff\u00bb button_two_text_color__hover_enabled=\u00bboff\u00bb button_border_width__hover_enabled=\u00bboff\u00bb button_one_border_width__hover_enabled=\u00bboff\u00bb button_two_border_width__hover_enabled=\u00bboff\u00bb button_border_color__hover_enabled=\u00bboff\u00bb button_one_border_color__hover_enabled=\u00bboff\u00bb button_two_border_color__hover_enabled=\u00bboff\u00bb button_border_radius__hover_enabled=\u00bboff\u00bb button_one_border_radius__hover_enabled=\u00bboff\u00bb button_two_border_radius__hover_enabled=\u00bboff\u00bb button_letter_spacing__hover_enabled=\u00bboff\u00bb button_one_letter_spacing__hover_enabled=\u00bboff\u00bb button_two_letter_spacing__hover_enabled=\u00bboff\u00bb button_bg_color__hover_enabled=\u00bboff\u00bb button_one_bg_color__hover_enabled=\u00bboff\u00bb button_two_bg_color__hover_enabled=\u00bboff\u00bb][\/et_pb_contact_field][et_pb_contact_field field_id=\u00bbphone\u00bb field_title=\u00bbN\u00famero de tel\u00e9fono\u00bb required_mark=\u00bboff\u00bb _builder_version=\u00bb4.16&#8243; form_field_font=\u00bb||||||||\u00bb use_border_color=\u00bbon\u00bb border_color=\u00bb#dddddd\u00bb border_width=\u00bb2px\u00bb input_border_radius=\u00bb100px\u00bb global_colors_info=\u00bb{}\u00bb button_text_size__hover_enabled=\u00bboff\u00bb button_one_text_size__hover_enabled=\u00bboff\u00bb button_two_text_size__hover_enabled=\u00bboff\u00bb button_text_color__hover_enabled=\u00bboff\u00bb button_one_text_color__hover_enabled=\u00bboff\u00bb button_two_text_color__hover_enabled=\u00bboff\u00bb button_border_width__hover_enabled=\u00bboff\u00bb button_one_border_width__hover_enabled=\u00bboff\u00bb button_two_border_width__hover_enabled=\u00bboff\u00bb button_border_color__hover_enabled=\u00bboff\u00bb button_one_border_color__hover_enabled=\u00bboff\u00bb button_two_border_color__hover_enabled=\u00bboff\u00bb button_border_radius__hover_enabled=\u00bboff\u00bb button_one_border_radius__hover_enabled=\u00bboff\u00bb button_two_border_radius__hover_enabled=\u00bboff\u00bb button_letter_spacing__hover_enabled=\u00bboff\u00bb button_one_letter_spacing__hover_enabled=\u00bboff\u00bb button_two_letter_spacing__hover_enabled=\u00bboff\u00bb button_bg_color__hover_enabled=\u00bboff\u00bb button_one_bg_color__hover_enabled=\u00bboff\u00bb button_two_bg_color__hover_enabled=\u00bboff\u00bb][\/et_pb_contact_field][et_pb_contact_field field_id=\u00bbsubject\u00bb field_title=\u00bbAsunto de su solicitud*\u00bb field_type=\u00bbselect\u00bb select_options=\u00bb%91{%22value%22:%22Me gustar\u00eda una demostraci\u00f3n de la plataforma.%22,%22checked%22:0,%22dragID%22:-1},{%22value%22:%22Me gustar\u00eda una cotizaci\u00f3n%22,%22checked%22:0,%22dragID%22:0},{%22value%22:%22Me gustar\u00eda tener acceso a la enciclopedia%22,%22checked%22:0,%22dragID%22:1},{%22value%22:%22Me gustar\u00eda recibir el folleto del Programa de Socios%22,%22checked%22:0,%22dragID%22:2},{%22value%22:%22Me gustar\u00eda que Cyberwatch me contacte%22,%22checked%22:0,%22dragID%22:3},{%22value%22:%22Otro%22,%22checked%22:0,%22dragID%22:4}%93&#8243; fullwidth_field=\u00bbon\u00bb _builder_version=\u00bb4.16&#8243; form_field_font=\u00bb||||||||\u00bb custom_padding=\u00bb|||\u00bb border_radii=\u00bbon|5px|5px|5px|5px\u00bb use_border_color=\u00bbon\u00bb border_color=\u00bb#dddddd\u00bb border_width=\u00bb2px\u00bb input_border_radius=\u00bb100px\u00bb global_colors_info=\u00bb{}\u00bb button_text_size__hover_enabled=\u00bboff\u00bb button_one_text_size__hover_enabled=\u00bboff\u00bb button_two_text_size__hover_enabled=\u00bboff\u00bb button_text_color__hover_enabled=\u00bboff\u00bb button_one_text_color__hover_enabled=\u00bboff\u00bb button_two_text_color__hover_enabled=\u00bboff\u00bb button_border_width__hover_enabled=\u00bboff\u00bb button_one_border_width__hover_enabled=\u00bboff\u00bb button_two_border_width__hover_enabled=\u00bboff\u00bb button_border_color__hover_enabled=\u00bboff\u00bb button_one_border_color__hover_enabled=\u00bboff\u00bb button_two_border_color__hover_enabled=\u00bboff\u00bb button_border_radius__hover_enabled=\u00bboff\u00bb button_one_border_radius__hover_enabled=\u00bboff\u00bb button_two_border_radius__hover_enabled=\u00bboff\u00bb button_letter_spacing__hover_enabled=\u00bboff\u00bb button_one_letter_spacing__hover_enabled=\u00bboff\u00bb button_two_letter_spacing__hover_enabled=\u00bboff\u00bb button_bg_color__hover_enabled=\u00bboff\u00bb button_one_bg_color__hover_enabled=\u00bboff\u00bb button_two_bg_color__hover_enabled=\u00bboff\u00bb][\/et_pb_contact_field][et_pb_contact_field field_id=\u00bbmessage\u00bb field_title=\u00bbMensaje\u00bb field_type=\u00bbtext\u00bb required_mark=\u00bboff\u00bb fullwidth_field=\u00bbon\u00bb _builder_version=\u00bb4.16&#8243; form_field_font=\u00bb||||||||\u00bb use_border_color=\u00bbon\u00bb border_color=\u00bb#dddddd\u00bb border_width=\u00bb2px\u00bb input_border_radius=\u00bb17px\u00bb global_colors_info=\u00bb{}\u00bb button_text_size__hover_enabled=\u00bboff\u00bb button_one_text_size__hover_enabled=\u00bboff\u00bb button_two_text_size__hover_enabled=\u00bboff\u00bb button_text_color__hover_enabled=\u00bboff\u00bb button_one_text_color__hover_enabled=\u00bboff\u00bb button_two_text_color__hover_enabled=\u00bboff\u00bb button_border_width__hover_enabled=\u00bboff\u00bb button_one_border_width__hover_enabled=\u00bboff\u00bb button_two_border_width__hover_enabled=\u00bboff\u00bb button_border_color__hover_enabled=\u00bboff\u00bb button_one_border_color__hover_enabled=\u00bboff\u00bb button_two_border_color__hover_enabled=\u00bboff\u00bb button_border_radius__hover_enabled=\u00bboff\u00bb button_one_border_radius__hover_enabled=\u00bboff\u00bb button_two_border_radius__hover_enabled=\u00bboff\u00bb button_letter_spacing__hover_enabled=\u00bboff\u00bb button_one_letter_spacing__hover_enabled=\u00bboff\u00bb button_two_letter_spacing__hover_enabled=\u00bboff\u00bb button_bg_color__hover_enabled=\u00bboff\u00bb button_one_bg_color__hover_enabled=\u00bboff\u00bb button_two_bg_color__hover_enabled=\u00bboff\u00bb][\/et_pb_contact_field][\/et_pb_contact_form][\/et_pb_column][\/et_pb_row][\/et_pb_section][et_pb_section fb_built=\u00bb1&#8243; custom_padding_last_edited=\u00bbon|phone\u00bb disabled_on=\u00bbon|off|off\u00bb admin_label=\u00bbFooter Section\u00bb _builder_version=\u00bb4.16&#8243; custom_padding=\u00bb0px||0px||true|\u00bb custom_padding_tablet=\u00bb\u00bb custom_padding_phone=\u00bb10px||30px||false|false\u00bb global_colors_info=\u00bb{}\u00bb][\/et_pb_section]<\/p>\n","protected":false},"excerpt":{"rendered":"<p><div class=\"et_pb_module lwp_divi_breadcrumbs lwp_divi_breadcrumbs_0\">\n\t\t\t\t\n\t\t\t\t\n\t\t\t\t\n\t\t\t\t\n\t\t\t\t\n\t\t\t\t\n\t\t\t\t<div class=\"et_pb_module_inner\">\n\t\t\t\t\t<div class=\"lwp-breadcrumbs\"> <span class=\"before\"><\/span> <span vocab=\"https:\/\/schema.org\/\" typeof=\"BreadcrumbList\"><span property=\"itemListElement\" typeof=\"ListItem\"><a property=\"item\" typeof=\"WebPage\" href=\"https:\/\/cyberwatch.fr\/es\/\" class=\"home\"><span property=\"name\">Accueil<\/span><\/a><meta property=\"position\" content=\"1\"><\/span> <span class=\"separator et-pb-icon\">5<\/span> <\/span><\/div>\n\t\t\t\t<\/div>\n\t\t\t<\/div>\u00bfTienes alguna pregunta?\u00bfQuieres una demostraci\u00f3n?Cont\u00e1cta con nuestros expertos y te reponder\u00e1n en las pr\u00f3ximas 24 horas.<\/p>\n","protected":false},"author":1,"featured_media":7690,"parent":0,"menu_order":0,"comment_status":"closed","ping_status":"closed","template":"","meta":{"_et_pb_use_builder":"on","_et_pb_old_content":"","_et_gb_content_width":"","footnotes":""},"class_list":["post-8095","page","type-page","status-publish","has-post-thumbnail","hentry"],"yoast_head":"<!-- This site is optimized with the Yoast SEO plugin v27.4 - https:\/\/yoast.com\/product\/yoast-seo-wordpress\/ -->\n<title>Solicita una demostraci\u00f3n gratuita de Cyberwatch - Cyberwatch<\/title>\n<meta name=\"description\" content=\"\u00bfQuieres una demostraci\u00f3n de nuestra plataforma? Cont\u00e1cta con nuestros expertos y te reponder\u00e1n en las pr\u00f3ximas 24 horas. - Cyberwatch\" \/>\n<meta name=\"robots\" content=\"index, follow, max-snippet:-1, max-image-preview:large, max-video-preview:-1\" \/>\n<link rel=\"canonical\" href=\"https:\/\/cyberwatch.fr\/es\/contacto\/\" \/>\n<meta property=\"og:locale\" content=\"es_ES\" \/>\n<meta property=\"og:type\" content=\"article\" \/>\n<meta property=\"og:title\" content=\"Solicita una demostraci\u00f3n gratuita de Cyberwatch - Cyberwatch\" \/>\n<meta property=\"og:description\" content=\"\u00bfQuieres una demostraci\u00f3n de nuestra plataforma? Cont\u00e1cta con nuestros expertos y te reponder\u00e1n en las pr\u00f3ximas 24 horas. - Cyberwatch\" \/>\n<meta property=\"og:url\" content=\"https:\/\/cyberwatch.fr\/es\/contacto\/\" \/>\n<meta property=\"og:site_name\" content=\"Cyberwatch\" \/>\n<meta property=\"article:modified_time\" content=\"2025-02-07T10:41:58+00:00\" \/>\n<meta property=\"og:image\" content=\"https:\/\/cyberwatch.fr\/wp-content\/uploads\/2023\/04\/meta-cyberwatch-1024x536.png\" \/>\n<meta name=\"twitter:card\" content=\"summary_large_image\" \/>\n<meta name=\"twitter:title\" content=\"Solicita una demostraci\u00f3n gratuita de Cyberwatch - Cyberwatch\" \/>\n<meta name=\"twitter:description\" content=\"\u00bfQuieres una demostraci\u00f3n de nuestra plataforma? Cont\u00e1cta con nuestros expertos y te reponder\u00e1n en las pr\u00f3ximas 24 horas. - Cyberwatch\" \/>\n<meta name=\"twitter:image\" content=\"https:\/\/cyberwatch.fr\/wp-content\/uploads\/2023\/04\/meta-cyberwatch-1024x536.png\" \/>\n<meta name=\"twitter:label1\" content=\"Tiempo de lectura\" \/>\n\t<meta name=\"twitter:data1\" content=\"9 minutos\" \/>\n<script type=\"application\/ld+json\" class=\"yoast-schema-graph\">{\"@context\":\"https:\\\/\\\/schema.org\",\"@graph\":[{\"@type\":\"WebPage\",\"@id\":\"https:\\\/\\\/cyberwatch.fr\\\/es\\\/contacto\\\/\",\"url\":\"https:\\\/\\\/cyberwatch.fr\\\/es\\\/contacto\\\/\",\"name\":\"Solicita una demostraci\u00f3n gratuita de Cyberwatch - Cyberwatch\",\"isPartOf\":{\"@id\":\"https:\\\/\\\/cyberwatch.fr\\\/es\\\/#website\"},\"primaryImageOfPage\":{\"@id\":\"https:\\\/\\\/cyberwatch.fr\\\/es\\\/contacto\\\/#primaryimage\"},\"image\":{\"@id\":\"https:\\\/\\\/cyberwatch.fr\\\/es\\\/contacto\\\/#primaryimage\"},\"thumbnailUrl\":\"https:\\\/\\\/cyberwatch.fr\\\/wp-content\\\/uploads\\\/2023\\\/04\\\/meta-cyberwatch.png\",\"datePublished\":\"2025-02-05T09:26:42+00:00\",\"dateModified\":\"2025-02-07T10:41:58+00:00\",\"description\":\"\u00bfQuieres una demostraci\u00f3n de nuestra plataforma? Cont\u00e1cta con nuestros expertos y te reponder\u00e1n en las pr\u00f3ximas 24 horas. - Cyberwatch\",\"breadcrumb\":{\"@id\":\"https:\\\/\\\/cyberwatch.fr\\\/es\\\/contacto\\\/#breadcrumb\"},\"inLanguage\":\"es\",\"potentialAction\":[{\"@type\":\"ReadAction\",\"target\":[\"https:\\\/\\\/cyberwatch.fr\\\/es\\\/contacto\\\/\"]}]},{\"@type\":\"ImageObject\",\"inLanguage\":\"es\",\"@id\":\"https:\\\/\\\/cyberwatch.fr\\\/es\\\/contacto\\\/#primaryimage\",\"url\":\"https:\\\/\\\/cyberwatch.fr\\\/wp-content\\\/uploads\\\/2023\\\/04\\\/meta-cyberwatch.png\",\"contentUrl\":\"https:\\\/\\\/cyberwatch.fr\\\/wp-content\\\/uploads\\\/2023\\\/04\\\/meta-cyberwatch.png\",\"width\":1200,\"height\":628,\"caption\":\"Logo cyberwatch\"},{\"@type\":\"BreadcrumbList\",\"@id\":\"https:\\\/\\\/cyberwatch.fr\\\/es\\\/contacto\\\/#breadcrumb\",\"itemListElement\":[{\"@type\":\"ListItem\",\"position\":1,\"name\":\"Home\",\"item\":\"https:\\\/\\\/cyberwatch.fr\\\/es\\\/\"},{\"@type\":\"ListItem\",\"position\":2,\"name\":\"Contacto\"}]},{\"@type\":\"WebSite\",\"@id\":\"https:\\\/\\\/cyberwatch.fr\\\/es\\\/#website\",\"url\":\"https:\\\/\\\/cyberwatch.fr\\\/es\\\/\",\"name\":\"Cyberwatch\",\"description\":\"Supervisez vos vuln\u00e9rabilit\u00e9s. Contr\u00f4lez vos conformit\u00e9s.\",\"publisher\":{\"@id\":\"https:\\\/\\\/cyberwatch.fr\\\/es\\\/#organization\"},\"potentialAction\":[{\"@type\":\"SearchAction\",\"target\":{\"@type\":\"EntryPoint\",\"urlTemplate\":\"https:\\\/\\\/cyberwatch.fr\\\/es\\\/?s={search_term_string}\"},\"query-input\":{\"@type\":\"PropertyValueSpecification\",\"valueRequired\":true,\"valueName\":\"search_term_string\"}}],\"inLanguage\":\"es\"},{\"@type\":\"Organization\",\"@id\":\"https:\\\/\\\/cyberwatch.fr\\\/es\\\/#organization\",\"name\":\"Cyberwatch\",\"url\":\"https:\\\/\\\/cyberwatch.fr\\\/es\\\/\",\"logo\":{\"@type\":\"ImageObject\",\"inLanguage\":\"es\",\"@id\":\"https:\\\/\\\/cyberwatch.fr\\\/es\\\/#\\\/schema\\\/logo\\\/image\\\/\",\"url\":\"https:\\\/\\\/cyberwatch.fr\\\/wp-content\\\/uploads\\\/2021\\\/04\\\/logo_simple_black.png\",\"contentUrl\":\"https:\\\/\\\/cyberwatch.fr\\\/wp-content\\\/uploads\\\/2021\\\/04\\\/logo_simple_black.png\",\"width\":1883,\"height\":500,\"caption\":\"Cyberwatch\"},\"image\":{\"@id\":\"https:\\\/\\\/cyberwatch.fr\\\/es\\\/#\\\/schema\\\/logo\\\/image\\\/\"}}]}<\/script>\n<!-- \/ Yoast SEO plugin. -->","yoast_head_json":{"title":"Solicita una demostraci\u00f3n gratuita de Cyberwatch - Cyberwatch","description":"\u00bfQuieres una demostraci\u00f3n de nuestra plataforma? Cont\u00e1cta con nuestros expertos y te reponder\u00e1n en las pr\u00f3ximas 24 horas. - Cyberwatch","robots":{"index":"index","follow":"follow","max-snippet":"max-snippet:-1","max-image-preview":"max-image-preview:large","max-video-preview":"max-video-preview:-1"},"canonical":"https:\/\/cyberwatch.fr\/es\/contacto\/","og_locale":"es_ES","og_type":"article","og_title":"Solicita una demostraci\u00f3n gratuita de Cyberwatch - Cyberwatch","og_description":"\u00bfQuieres una demostraci\u00f3n de nuestra plataforma? Cont\u00e1cta con nuestros expertos y te reponder\u00e1n en las pr\u00f3ximas 24 horas. - Cyberwatch","og_url":"https:\/\/cyberwatch.fr\/es\/contacto\/","og_site_name":"Cyberwatch","article_modified_time":"2025-02-07T10:41:58+00:00","og_image":[{"url":"https:\/\/cyberwatch.fr\/wp-content\/uploads\/2023\/04\/meta-cyberwatch-1024x536.png","type":"","width":"","height":""}],"twitter_card":"summary_large_image","twitter_title":"Solicita una demostraci\u00f3n gratuita de Cyberwatch - Cyberwatch","twitter_description":"\u00bfQuieres una demostraci\u00f3n de nuestra plataforma? Cont\u00e1cta con nuestros expertos y te reponder\u00e1n en las pr\u00f3ximas 24 horas. - Cyberwatch","twitter_image":"https:\/\/cyberwatch.fr\/wp-content\/uploads\/2023\/04\/meta-cyberwatch-1024x536.png","twitter_misc":{"Tiempo de lectura":"9 minutos"},"schema":{"@context":"https:\/\/schema.org","@graph":[{"@type":"WebPage","@id":"https:\/\/cyberwatch.fr\/es\/contacto\/","url":"https:\/\/cyberwatch.fr\/es\/contacto\/","name":"Solicita una demostraci\u00f3n gratuita de Cyberwatch - Cyberwatch","isPartOf":{"@id":"https:\/\/cyberwatch.fr\/es\/#website"},"primaryImageOfPage":{"@id":"https:\/\/cyberwatch.fr\/es\/contacto\/#primaryimage"},"image":{"@id":"https:\/\/cyberwatch.fr\/es\/contacto\/#primaryimage"},"thumbnailUrl":"https:\/\/cyberwatch.fr\/wp-content\/uploads\/2023\/04\/meta-cyberwatch.png","datePublished":"2025-02-05T09:26:42+00:00","dateModified":"2025-02-07T10:41:58+00:00","description":"\u00bfQuieres una demostraci\u00f3n de nuestra plataforma? Cont\u00e1cta con nuestros expertos y te reponder\u00e1n en las pr\u00f3ximas 24 horas. - Cyberwatch","breadcrumb":{"@id":"https:\/\/cyberwatch.fr\/es\/contacto\/#breadcrumb"},"inLanguage":"es","potentialAction":[{"@type":"ReadAction","target":["https:\/\/cyberwatch.fr\/es\/contacto\/"]}]},{"@type":"ImageObject","inLanguage":"es","@id":"https:\/\/cyberwatch.fr\/es\/contacto\/#primaryimage","url":"https:\/\/cyberwatch.fr\/wp-content\/uploads\/2023\/04\/meta-cyberwatch.png","contentUrl":"https:\/\/cyberwatch.fr\/wp-content\/uploads\/2023\/04\/meta-cyberwatch.png","width":1200,"height":628,"caption":"Logo cyberwatch"},{"@type":"BreadcrumbList","@id":"https:\/\/cyberwatch.fr\/es\/contacto\/#breadcrumb","itemListElement":[{"@type":"ListItem","position":1,"name":"Home","item":"https:\/\/cyberwatch.fr\/es\/"},{"@type":"ListItem","position":2,"name":"Contacto"}]},{"@type":"WebSite","@id":"https:\/\/cyberwatch.fr\/es\/#website","url":"https:\/\/cyberwatch.fr\/es\/","name":"Cyberwatch","description":"Supervisez vos vuln\u00e9rabilit\u00e9s. Contr\u00f4lez vos conformit\u00e9s.","publisher":{"@id":"https:\/\/cyberwatch.fr\/es\/#organization"},"potentialAction":[{"@type":"SearchAction","target":{"@type":"EntryPoint","urlTemplate":"https:\/\/cyberwatch.fr\/es\/?s={search_term_string}"},"query-input":{"@type":"PropertyValueSpecification","valueRequired":true,"valueName":"search_term_string"}}],"inLanguage":"es"},{"@type":"Organization","@id":"https:\/\/cyberwatch.fr\/es\/#organization","name":"Cyberwatch","url":"https:\/\/cyberwatch.fr\/es\/","logo":{"@type":"ImageObject","inLanguage":"es","@id":"https:\/\/cyberwatch.fr\/es\/#\/schema\/logo\/image\/","url":"https:\/\/cyberwatch.fr\/wp-content\/uploads\/2021\/04\/logo_simple_black.png","contentUrl":"https:\/\/cyberwatch.fr\/wp-content\/uploads\/2021\/04\/logo_simple_black.png","width":1883,"height":500,"caption":"Cyberwatch"},"image":{"@id":"https:\/\/cyberwatch.fr\/es\/#\/schema\/logo\/image\/"}}]}},"_links":{"self":[{"href":"https:\/\/cyberwatch.fr\/es\/wp-json\/wp\/v2\/pages\/8095","targetHints":{"allow":["GET"]}}],"collection":[{"href":"https:\/\/cyberwatch.fr\/es\/wp-json\/wp\/v2\/pages"}],"about":[{"href":"https:\/\/cyberwatch.fr\/es\/wp-json\/wp\/v2\/types\/page"}],"author":[{"embeddable":true,"href":"https:\/\/cyberwatch.fr\/es\/wp-json\/wp\/v2\/users\/1"}],"replies":[{"embeddable":true,"href":"https:\/\/cyberwatch.fr\/es\/wp-json\/wp\/v2\/comments?post=8095"}],"version-history":[{"count":4,"href":"https:\/\/cyberwatch.fr\/es\/wp-json\/wp\/v2\/pages\/8095\/revisions"}],"predecessor-version":[{"id":8160,"href":"https:\/\/cyberwatch.fr\/es\/wp-json\/wp\/v2\/pages\/8095\/revisions\/8160"}],"wp:featuredmedia":[{"embeddable":true,"href":"https:\/\/cyberwatch.fr\/es\/wp-json\/wp\/v2\/media\/7690"}],"wp:attachment":[{"href":"https:\/\/cyberwatch.fr\/es\/wp-json\/wp\/v2\/media?parent=8095"}],"curies":[{"name":"wp","href":"https:\/\/api.w.org\/{rel}","templated":true}]}}